{"id":2849,"date":"2019-01-08T18:39:18","date_gmt":"2019-01-08T17:39:18","guid":{"rendered":"https:\/\/mdt-medientechnik.de\/kontakt\/"},"modified":"2025-12-10T12:12:39","modified_gmt":"2025-12-10T11:12:39","slug":"contact","status":"publish","type":"page","link":"https:\/\/mdt-medientechnik.de\/en\/contact\/","title":{"rendered":"Contact"},"content":{"rendered":"<div id=\"cs-content\" class=\"cs-content\"><div class=\"x-section e2849-e1 m275-0\"><div class=\"x-container marginless-columns e2849-e2 m275-1\"><div class=\"x-column x-sm x-1-1 e2849-e3 m275-2\"><div class=\"x-text x-text-headline e2849-e4 m275-3\"><div class=\"x-text-content\"><div class=\"x-text-content-text\"><h1 class=\"x-text-content-text-primary\">CONTACT<\/h1>\n<\/div><\/div><\/div><\/div><\/div><\/div><div id=\"x-section-1\" class=\"x-section\" style=\"margin: 0px;padding: 100px 0px; background-color: rgb(255, 255, 255);\" ><div id=\"\" class=\"x-container max width\" style=\"margin: 0px auto;padding: 0px;\" ><div  class=\"x-column x-sm x-1-3\" style=\"padding: 0px;\" ><div class=\"x-text x-content e2849-e8 m275-4 m275-5\"><iframe loading=\"lazy\" src=\"https:\/\/www.google.com\/maps\/embed?pb=!1m18!1m12!1m3!1d2574.8904933037347!2d6.7619227160764455!3d49.8069263793918!2m3!1f0!2f0!3f0!3m2!1i1024!2i768!4f13.1!3m3!1m2!1s0x47957e33e31d8a7b%3A0x6b7c1e04e16d0aac!2sMDT+Medientechnik+GmbH!5e0!3m2!1sde!2sde!4v1548756391627\" width=\"420\" height=\"450\" frameborder=\"0\" style=\"border:0\" allowfullscreen><\/iframe><\/div><\/div><div  class=\"x-column x-sm x-1-3\" style=\"padding: 0px;\" >\n<div class=\"wpcf7 no-js\" id=\"wpcf7-f2866-o1\" lang=\"en-US\" dir=\"ltr\" data-wpcf7-id=\"2866\">\n<div class=\"screen-reader-response\"><p role=\"status\" aria-live=\"polite\" aria-atomic=\"true\"><\/p> <ul><\/ul><\/div>\n<form action=\"\/en\/wp-json\/wp\/v2\/pages\/2849#wpcf7-f2866-o1\" method=\"post\" class=\"wpcf7-form init\" aria-label=\"Contact form\" novalidate=\"novalidate\" data-status=\"init\">\n<fieldset class=\"hidden-fields-container\"><input type=\"hidden\" name=\"_wpcf7\" value=\"2866\" \/><input type=\"hidden\" name=\"_wpcf7_version\" value=\"6.1.5\" \/><input type=\"hidden\" name=\"_wpcf7_locale\" value=\"en_US\" \/><input type=\"hidden\" name=\"_wpcf7_unit_tag\" value=\"wpcf7-f2866-o1\" \/><input type=\"hidden\" name=\"_wpcf7_container_post\" value=\"0\" \/><input type=\"hidden\" name=\"_wpcf7_posted_data_hash\" value=\"\" \/><input type=\"hidden\" name=\"_wpcf7_recaptcha_response\" value=\"\" \/>\n<\/fieldset>\n<p><label> Name (required field)<br \/>\n<span class=\"wpcf7-form-control-wrap\" data-name=\"your-name\"><input size=\"40\" maxlength=\"400\" class=\"wpcf7-form-control wpcf7-text wpcf7-validates-as-required\" aria-required=\"true\" aria-invalid=\"false\" value=\"\" type=\"text\" name=\"your-name\" \/><\/span> <\/label>\n<\/p>\n<p><label> Mail (required field)<br \/>\n<span class=\"wpcf7-form-control-wrap\" data-name=\"your-email\"><input size=\"40\" maxlength=\"400\" class=\"wpcf7-form-control wpcf7-email wpcf7-validates-as-required wpcf7-text wpcf7-validates-as-email\" aria-required=\"true\" aria-invalid=\"false\" value=\"\" type=\"email\" name=\"your-email\" \/><\/span> <\/label>\n<\/p>\n<p><label> Subject<br \/>\n<span class=\"wpcf7-form-control-wrap\" data-name=\"your-subject\"><input size=\"40\" maxlength=\"400\" class=\"wpcf7-form-control wpcf7-text\" aria-invalid=\"false\" value=\"\" type=\"text\" name=\"your-subject\" \/><\/span> <\/label>\n<\/p>\n<p><label> Your message<br \/>\n<span class=\"wpcf7-form-control-wrap\" data-name=\"your-message\"><textarea cols=\"40\" rows=\"10\" maxlength=\"2000\" class=\"wpcf7-form-control wpcf7-textarea\" aria-invalid=\"false\" name=\"your-message\"><\/textarea><\/span> <\/label>\n<\/p>\n<p><span class=\"wpcf7-form-control-wrap\" data-name=\"checkbox-888\"><span class=\"wpcf7-form-control wpcf7-checkbox wpcf7-validates-as-required\"><span class=\"wpcf7-list-item first last\"><input type=\"checkbox\" name=\"checkbox-888[]\" value=\"&nbsp;By sending this mail you agree that the data provided by you will be electronically recorded and stored. The legal basis for the data processing is Art. 6 Para. 1 S. 1 lit. a DSGVO. We use your data exclusively to process your enquiry. Your consent can be revoked at any time, e.g. by sending an e-mail to info@mdt-medientechnik.de.\" \/><span class=\"wpcf7-list-item-label\">&nbsp;By sending this mail you agree that the data provided by you will be electronically recorded and stored. The legal basis for the data processing is Art. 6 Para. 1 S. 1 lit. a DSGVO. We use your data exclusively to process your enquiry. Your consent can be revoked at any time, e.g. by sending an e-mail to info@mdt-medientechnik.de.<\/span><\/span><\/span><\/span><br \/>\n<a style=\"color:#ffff;\" href=\"..\/datenschutzerklaerung\/\"><span>Privacy policy<\/span><\/a>\n<\/p>\n<p><input class=\"wpcf7-form-control wpcf7-submit has-spinner\" type=\"submit\" value=\"Send\" \/>\n<\/p><div class=\"wpcf7-response-output\" aria-hidden=\"true\"><\/div>\n<\/form>\n<\/div>\n<\/div><div  class=\"x-column x-sm x-1-3\" style=\"padding: 0px;\" ><h2  class=\"h-custom-headline man h3\" style=\"padding-top:7%;\"><span>Adress<\/span><\/h2><div class=\"x-text x-content e2849-e13 m275-5 m275-6 m275-7\"><p><span style=\"color: #71bb70;\">mdt\u00a0<span style=\"color:#555;\">Medientechnik<br \/>\nGewerbepark Im Paesch 5<\/span><br \/>\n<span style=\"color: #555;\">D - 54340 Longuich<\/span><\/span><\/p><\/div><hr  class=\"x-gap\" style=\"margin: 50px 0 0 0;\"><h2  class=\"h-custom-headline man h3\" ><span>Contact<\/span><\/h2><div class=\"x-text x-content e2849-e16 m275-5 m275-6 m275-8\"><p><span style=\"color: #555;\">Phone:\u00a0<a href=\"callto:+496502938530\">+49 6502 93853-0<\/a><\/span><br \/>\n<span style=\"color: #555;\">Mail:<\/span><span style=\"color: #75b86b;\"> info<!-- >@. -->@<!-- >.@ -->mdtm.<!--- .>@ -->de<\/span><\/p><\/div><hr  class=\"x-gap\" style=\"margin: 50px 0 0 0;\"><h2  class=\"h-custom-headline man h3\" ><span>opening hours<\/span><\/h2><div class=\"x-text x-content e2849-e19 m275-5 m275-6 m275-9\"><p>Monday \u2013 Friday<br \/>\n8:30 am to 17:30 pm<\/p><\/div><\/div><\/div><\/div><div id=\"x-section-2\" class=\"x-section\" style=\"margin: 0px;padding: 100px 0px; background-color: rgb(255, 255, 255);\" ><div id=\"\" class=\"x-container max width\" style=\"margin: 0px auto;padding: 0px;\" ><div  class=\"x-column x-sm x-1-1\" style=\"padding: 0px;\" ><div class=\"x-text x-content e2849-e23 m275-4 m275-5\"><a href=\"https:\/\/mdt-medientechnik.de\/en\/legal-notice\/\">Legal notice<\/a><\/div><\/div><\/div><\/div><\/div>\n","protected":false},"excerpt":{"rendered":"<p>CONTACT Name (required field) Mail (required field) Subject Your message &nbsp;By sending this mail you agree that the data provided by you will be electronically recorded and stored. The legal &#8230; <a href=\"https:\/\/mdt-medientechnik.de\/en\/contact\/\" class=\"more-link\">Read More<\/a><\/p>\n","protected":false},"author":1,"featured_media":2697,"parent":0,"menu_order":0,"comment_status":"closed","ping_status":"closed","template":"template-blank-4.php","meta":{"_acf_changed":false,"footnotes":""},"class_list":["post-2849","page","type-page","status-publish","has-post-thumbnail","hentry"],"acf":[],"yoast_head":"<!-- This site is optimized with the Yoast SEO plugin v27.4 - https:\/\/yoast.com\/product\/yoast-seo-wordpress\/ -->\n<title>MDT Contact | Sales - Location - Contact details | Get in touch with us!<\/title>\n<meta name=\"description\" content=\"Let our experts advise you on our intelligent digital signage solutions. We are at your side with advice and support.\" \/>\n<meta name=\"robots\" content=\"index, follow, max-snippet:-1, max-image-preview:large, max-video-preview:-1\" \/>\n<link rel=\"canonical\" href=\"https:\/\/mdt-medientechnik.de\/en\/contact\/\" \/>\n<meta property=\"og:locale\" content=\"en_US\" \/>\n<meta property=\"og:type\" content=\"article\" \/>\n<meta property=\"og:title\" content=\"MDT Contact | Sales - Location - Contact details | Get in touch with us!\" \/>\n<meta property=\"og:description\" content=\"Let our experts advise you on our intelligent digital signage solutions. We are at your side with advice and support.\" \/>\n<meta property=\"og:url\" content=\"https:\/\/mdt-medientechnik.de\/en\/contact\/\" \/>\n<meta property=\"og:site_name\" content=\"MDT now part of Grassfish\" \/>\n<meta property=\"article:publisher\" content=\"https:\/\/www.facebook.com\/MdtMedientechnik\/\" \/>\n<meta property=\"article:modified_time\" content=\"2025-12-10T11:12:39+00:00\" \/>\n<meta property=\"og:image\" content=\"https:\/\/mdt-medientechnik.de\/wp-content\/uploads\/2019\/05\/mdtMedientechnik_digital-signage-software-logo.jpg\" \/>\n\t<meta property=\"og:image:width\" content=\"700\" \/>\n\t<meta property=\"og:image:height\" content=\"470\" \/>\n\t<meta property=\"og:image:type\" content=\"image\/jpeg\" \/>\n<meta name=\"twitter:card\" content=\"summary_large_image\" \/>\n<meta name=\"twitter:label1\" content=\"Est. reading time\" \/>\n\t<meta name=\"twitter:data1\" content=\"2 minutes\" \/>\n<script type=\"application\/ld+json\" class=\"yoast-schema-graph\">{\"@context\":\"https:\\\/\\\/schema.org\",\"@graph\":[{\"@type\":\"WebPage\",\"@id\":\"https:\\\/\\\/mdt-medientechnik.de\\\/en\\\/contact\\\/\",\"url\":\"https:\\\/\\\/mdt-medientechnik.de\\\/en\\\/contact\\\/\",\"name\":\"MDT Contact | Sales - Location - Contact details | Get in touch with us!\",\"isPartOf\":{\"@id\":\"https:\\\/\\\/mdt-medientechnik.de\\\/en\\\/#website\"},\"primaryImageOfPage\":{\"@id\":\"https:\\\/\\\/mdt-medientechnik.de\\\/en\\\/contact\\\/#primaryimage\"},\"image\":{\"@id\":\"https:\\\/\\\/mdt-medientechnik.de\\\/en\\\/contact\\\/#primaryimage\"},\"thumbnailUrl\":\"https:\\\/\\\/mdt-medientechnik.de\\\/wp-content\\\/uploads\\\/2019\\\/05\\\/mdtMedientechnik_digital-signage-software-logo.jpg\",\"datePublished\":\"2019-01-08T17:39:18+00:00\",\"dateModified\":\"2025-12-10T11:12:39+00:00\",\"description\":\"Let our experts advise you on our intelligent digital signage solutions. We are at your side with advice and support.\",\"breadcrumb\":{\"@id\":\"https:\\\/\\\/mdt-medientechnik.de\\\/en\\\/contact\\\/#breadcrumb\"},\"inLanguage\":\"en-US\",\"potentialAction\":[{\"@type\":\"ReadAction\",\"target\":[\"https:\\\/\\\/mdt-medientechnik.de\\\/en\\\/contact\\\/\"]}]},{\"@type\":\"ImageObject\",\"inLanguage\":\"en-US\",\"@id\":\"https:\\\/\\\/mdt-medientechnik.de\\\/en\\\/contact\\\/#primaryimage\",\"url\":\"https:\\\/\\\/mdt-medientechnik.de\\\/wp-content\\\/uploads\\\/2019\\\/05\\\/mdtMedientechnik_digital-signage-software-logo.jpg\",\"contentUrl\":\"https:\\\/\\\/mdt-medientechnik.de\\\/wp-content\\\/uploads\\\/2019\\\/05\\\/mdtMedientechnik_digital-signage-software-logo.jpg\",\"width\":700,\"height\":470,\"caption\":\"mdtMedientechnik_digital\"},{\"@type\":\"BreadcrumbList\",\"@id\":\"https:\\\/\\\/mdt-medientechnik.de\\\/en\\\/contact\\\/#breadcrumb\",\"itemListElement\":[{\"@type\":\"ListItem\",\"position\":1,\"name\":\"Startseite\",\"item\":\"https:\\\/\\\/mdt-medientechnik.de\\\/en\\\/\"},{\"@type\":\"ListItem\",\"position\":2,\"name\":\"Contact\"}]},{\"@type\":\"WebSite\",\"@id\":\"https:\\\/\\\/mdt-medientechnik.de\\\/en\\\/#website\",\"url\":\"https:\\\/\\\/mdt-medientechnik.de\\\/en\\\/\",\"name\":\"MDT now part of Grassfish\",\"description\":\"Wir entwickeln Digital Signage Software L\u00f6sungen f\u00fcr die Bereiche POI, POS, Digitale Men\u00fcboards, Wegeleitsysteme uvm. Preisgekr\u00f6nt\u2714, Cloudbasiert\u2714, Sicher\u2714 &amp; Schnell\u2714.\",\"publisher\":{\"@id\":\"https:\\\/\\\/mdt-medientechnik.de\\\/en\\\/#organization\"},\"potentialAction\":[{\"@type\":\"SearchAction\",\"target\":{\"@type\":\"EntryPoint\",\"urlTemplate\":\"https:\\\/\\\/mdt-medientechnik.de\\\/en\\\/?s={search_term_string}\"},\"query-input\":{\"@type\":\"PropertyValueSpecification\",\"valueRequired\":true,\"valueName\":\"search_term_string\"}}],\"inLanguage\":\"en-US\"},{\"@type\":\"Organization\",\"@id\":\"https:\\\/\\\/mdt-medientechnik.de\\\/en\\\/#organization\",\"name\":\"mdt Medientechnik\",\"url\":\"https:\\\/\\\/mdt-medientechnik.de\\\/en\\\/\",\"logo\":{\"@type\":\"ImageObject\",\"inLanguage\":\"en-US\",\"@id\":\"https:\\\/\\\/mdt-medientechnik.de\\\/en\\\/#\\\/schema\\\/logo\\\/image\\\/\",\"url\":\"https:\\\/\\\/mdt-medientechnik.de\\\/wp-content\\\/uploads\\\/2019\\\/05\\\/mdtMedientechnik_digital-signage-software-logo.jpg\",\"contentUrl\":\"https:\\\/\\\/mdt-medientechnik.de\\\/wp-content\\\/uploads\\\/2019\\\/05\\\/mdtMedientechnik_digital-signage-software-logo.jpg\",\"width\":700,\"height\":470,\"caption\":\"mdt Medientechnik\"},\"image\":{\"@id\":\"https:\\\/\\\/mdt-medientechnik.de\\\/en\\\/#\\\/schema\\\/logo\\\/image\\\/\"},\"sameAs\":[\"https:\\\/\\\/www.facebook.com\\\/MdtMedientechnik\\\/\",\"https:\\\/\\\/de.linkedin.com\\\/company\\\/mdt-medientechnik-gmbh\",\"https:\\\/\\\/www.youtube.com\\\/MDTMedientechnikGmbHLonguich\"]}]}<\/script>\n<!-- \/ Yoast SEO plugin. -->","yoast_head_json":{"title":"MDT Contact | Sales - Location - Contact details | Get in touch with us!","description":"Let our experts advise you on our intelligent digital signage solutions. We are at your side with advice and support.","robots":{"index":"index","follow":"follow","max-snippet":"max-snippet:-1","max-image-preview":"max-image-preview:large","max-video-preview":"max-video-preview:-1"},"canonical":"https:\/\/mdt-medientechnik.de\/en\/contact\/","og_locale":"en_US","og_type":"article","og_title":"MDT Contact | Sales - Location - Contact details | Get in touch with us!","og_description":"Let our experts advise you on our intelligent digital signage solutions. We are at your side with advice and support.","og_url":"https:\/\/mdt-medientechnik.de\/en\/contact\/","og_site_name":"MDT now part of Grassfish","article_publisher":"https:\/\/www.facebook.com\/MdtMedientechnik\/","article_modified_time":"2025-12-10T11:12:39+00:00","og_image":[{"width":700,"height":470,"url":"https:\/\/mdt-medientechnik.de\/wp-content\/uploads\/2019\/05\/mdtMedientechnik_digital-signage-software-logo.jpg","type":"image\/jpeg"}],"twitter_card":"summary_large_image","twitter_misc":{"Est. reading time":"2 minutes"},"schema":{"@context":"https:\/\/schema.org","@graph":[{"@type":"WebPage","@id":"https:\/\/mdt-medientechnik.de\/en\/contact\/","url":"https:\/\/mdt-medientechnik.de\/en\/contact\/","name":"MDT Contact | Sales - Location - Contact details | Get in touch with us!","isPartOf":{"@id":"https:\/\/mdt-medientechnik.de\/en\/#website"},"primaryImageOfPage":{"@id":"https:\/\/mdt-medientechnik.de\/en\/contact\/#primaryimage"},"image":{"@id":"https:\/\/mdt-medientechnik.de\/en\/contact\/#primaryimage"},"thumbnailUrl":"https:\/\/mdt-medientechnik.de\/wp-content\/uploads\/2019\/05\/mdtMedientechnik_digital-signage-software-logo.jpg","datePublished":"2019-01-08T17:39:18+00:00","dateModified":"2025-12-10T11:12:39+00:00","description":"Let our experts advise you on our intelligent digital signage solutions. We are at your side with advice and support.","breadcrumb":{"@id":"https:\/\/mdt-medientechnik.de\/en\/contact\/#breadcrumb"},"inLanguage":"en-US","potentialAction":[{"@type":"ReadAction","target":["https:\/\/mdt-medientechnik.de\/en\/contact\/"]}]},{"@type":"ImageObject","inLanguage":"en-US","@id":"https:\/\/mdt-medientechnik.de\/en\/contact\/#primaryimage","url":"https:\/\/mdt-medientechnik.de\/wp-content\/uploads\/2019\/05\/mdtMedientechnik_digital-signage-software-logo.jpg","contentUrl":"https:\/\/mdt-medientechnik.de\/wp-content\/uploads\/2019\/05\/mdtMedientechnik_digital-signage-software-logo.jpg","width":700,"height":470,"caption":"mdtMedientechnik_digital"},{"@type":"BreadcrumbList","@id":"https:\/\/mdt-medientechnik.de\/en\/contact\/#breadcrumb","itemListElement":[{"@type":"ListItem","position":1,"name":"Startseite","item":"https:\/\/mdt-medientechnik.de\/en\/"},{"@type":"ListItem","position":2,"name":"Contact"}]},{"@type":"WebSite","@id":"https:\/\/mdt-medientechnik.de\/en\/#website","url":"https:\/\/mdt-medientechnik.de\/en\/","name":"MDT now part of Grassfish","description":"Wir entwickeln Digital Signage Software L\u00f6sungen f\u00fcr die Bereiche POI, POS, Digitale Men\u00fcboards, Wegeleitsysteme uvm. Preisgekr\u00f6nt\u2714, Cloudbasiert\u2714, Sicher\u2714 &amp; Schnell\u2714.","publisher":{"@id":"https:\/\/mdt-medientechnik.de\/en\/#organization"},"potentialAction":[{"@type":"SearchAction","target":{"@type":"EntryPoint","urlTemplate":"https:\/\/mdt-medientechnik.de\/en\/?s={search_term_string}"},"query-input":{"@type":"PropertyValueSpecification","valueRequired":true,"valueName":"search_term_string"}}],"inLanguage":"en-US"},{"@type":"Organization","@id":"https:\/\/mdt-medientechnik.de\/en\/#organization","name":"mdt Medientechnik","url":"https:\/\/mdt-medientechnik.de\/en\/","logo":{"@type":"ImageObject","inLanguage":"en-US","@id":"https:\/\/mdt-medientechnik.de\/en\/#\/schema\/logo\/image\/","url":"https:\/\/mdt-medientechnik.de\/wp-content\/uploads\/2019\/05\/mdtMedientechnik_digital-signage-software-logo.jpg","contentUrl":"https:\/\/mdt-medientechnik.de\/wp-content\/uploads\/2019\/05\/mdtMedientechnik_digital-signage-software-logo.jpg","width":700,"height":470,"caption":"mdt Medientechnik"},"image":{"@id":"https:\/\/mdt-medientechnik.de\/en\/#\/schema\/logo\/image\/"},"sameAs":["https:\/\/www.facebook.com\/MdtMedientechnik\/","https:\/\/de.linkedin.com\/company\/mdt-medientechnik-gmbh","https:\/\/www.youtube.com\/MDTMedientechnikGmbHLonguich"]}]}},"_links":{"self":[{"href":"https:\/\/mdt-medientechnik.de\/en\/wp-json\/wp\/v2\/pages\/2849","targetHints":{"allow":["GET"]}}],"collection":[{"href":"https:\/\/mdt-medientechnik.de\/en\/wp-json\/wp\/v2\/pages"}],"about":[{"href":"https:\/\/mdt-medientechnik.de\/en\/wp-json\/wp\/v2\/types\/page"}],"author":[{"embeddable":true,"href":"https:\/\/mdt-medientechnik.de\/en\/wp-json\/wp\/v2\/users\/1"}],"replies":[{"embeddable":true,"href":"https:\/\/mdt-medientechnik.de\/en\/wp-json\/wp\/v2\/comments?post=2849"}],"version-history":[{"count":4,"href":"https:\/\/mdt-medientechnik.de\/en\/wp-json\/wp\/v2\/pages\/2849\/revisions"}],"predecessor-version":[{"id":3710,"href":"https:\/\/mdt-medientechnik.de\/en\/wp-json\/wp\/v2\/pages\/2849\/revisions\/3710"}],"wp:featuredmedia":[{"embeddable":true,"href":"https:\/\/mdt-medientechnik.de\/en\/wp-json\/wp\/v2\/media\/2697"}],"wp:attachment":[{"href":"https:\/\/mdt-medientechnik.de\/en\/wp-json\/wp\/v2\/media?parent=2849"}],"curies":[{"name":"wp","href":"https:\/\/api.w.org\/{rel}","templated":true}]}}