{"id":3121,"date":"2018-12-06T14:38:13","date_gmt":"2018-12-06T13:38:13","guid":{"rendered":"https:\/\/mdt-medientechnik.de\/impressum\/"},"modified":"2025-12-10T11:59:21","modified_gmt":"2025-12-10T10:59:21","slug":"legal-notice","status":"publish","type":"page","link":"https:\/\/mdt-medientechnik.de\/en\/legal-notice\/","title":{"rendered":"Legal Notice"},"content":{"rendered":"<div id=\"cs-content\" class=\"cs-content\"><div class=\"x-section e3121-e1 m2ep-0\"><div class=\"x-container max width e3121-e2 m2ep-1\"><div class=\"x-column x-sm x-1-1 e3121-e3 m2ep-2\"><div class=\"x-text x-text-headline e3121-e4 m2ep-3\"><div class=\"x-text-content\"><div class=\"x-text-content-text\"><h2 class=\"x-text-content-text-primary\">Imprint<\/h2>\n<\/div><\/div><\/div><div class=\"x-text x-content e3121-e5 m2ep-4\"><p>mdt Medientechnik GmbH<br \/>Gewerbepark Im Paesch 5<br \/>54340 Longuich<br \/><br \/>Vertreten durch:<br \/>Gesch&auml;ftsf&uuml;hrerin Jana R&auml;sch<br \/><br \/>Kontakt:<br \/>Telefon: +49 (0) 6502 938530<br \/>E-Mail: <a href=\"..\/kontakt\/\" target=\"_self\"> info<!-- >@. -->@<!-- >.@ -->mdtm.<!--- .>@ -->de<\/a><\/p>\n<p class=\"font_8\">Registereintrag:<br \/>Eingetragen im Handelsregister.<br \/>Registergericht: Wittlich<br \/>Registernummer: HRB 4662<\/p><\/div><\/div><\/div><\/div><\/div>\n","protected":false},"excerpt":{"rendered":"<p>Imprint mdt Medientechnik GmbHGewerbepark Im Paesch 554340 LonguichVertreten durch:Gesch&auml;ftsf&uuml;hrerin Jana R&auml;schKontakt:Telefon: +49 (0) 6502 938530E-Mail: info@mdtm.de Registereintrag:Eingetragen im Handelsregister.Registergericht: WittlichRegisternummer: HRB 4662<\/p>\n","protected":false},"author":1,"featured_media":0,"parent":0,"menu_order":0,"comment_status":"closed","ping_status":"closed","template":"","meta":{"_acf_changed":false,"footnotes":""},"class_list":["post-3121","page","type-page","status-publish","hentry","no-post-thumbnail"],"acf":[],"yoast_head":"<!-- This site is optimized with the Yoast SEO plugin v27.4 - https:\/\/yoast.com\/product\/yoast-seo-wordpress\/ -->\n<title>mdt Medientechnik GmbH | Impressum<\/title>\n<meta name=\"description\" content=\"mdt Medientechnik GmbH | Gewerbepark Im Paesch 5 | 54340 Longuich | Vertreten durch: Gesch\u00e4ftsf\u00fchrer J\u00fcrgen R\u00e4sch | Angaben gem\u00e4\u00df \u00a7 5 TMG\" \/>\n<meta name=\"robots\" content=\"index, follow, max-snippet:-1, max-image-preview:large, max-video-preview:-1\" \/>\n<link rel=\"canonical\" href=\"https:\/\/mdt-medientechnik.de\/en\/legal-notice\/\" \/>\n<meta property=\"og:locale\" content=\"en_US\" \/>\n<meta property=\"og:type\" content=\"article\" \/>\n<meta property=\"og:title\" content=\"mdt Medientechnik GmbH | Impressum\" \/>\n<meta property=\"og:description\" content=\"mdt Medientechnik GmbH | Gewerbepark Im Paesch 5 | 54340 Longuich | Vertreten durch: Gesch\u00e4ftsf\u00fchrer J\u00fcrgen R\u00e4sch | Angaben gem\u00e4\u00df \u00a7 5 TMG\" \/>\n<meta property=\"og:url\" content=\"https:\/\/mdt-medientechnik.de\/en\/legal-notice\/\" \/>\n<meta property=\"og:site_name\" content=\"MDT now part of Grassfish\" \/>\n<meta property=\"article:publisher\" content=\"https:\/\/www.facebook.com\/MdtMedientechnik\/\" \/>\n<meta property=\"article:modified_time\" content=\"2025-12-10T10:59:21+00:00\" \/>\n<meta name=\"twitter:card\" content=\"summary_large_image\" \/>\n<meta name=\"twitter:label1\" content=\"Est. reading time\" \/>\n\t<meta name=\"twitter:data1\" content=\"1 minute\" \/>\n<script type=\"application\/ld+json\" class=\"yoast-schema-graph\">{\"@context\":\"https:\\\/\\\/schema.org\",\"@graph\":[{\"@type\":\"WebPage\",\"@id\":\"https:\\\/\\\/mdt-medientechnik.de\\\/en\\\/legal-notice\\\/\",\"url\":\"https:\\\/\\\/mdt-medientechnik.de\\\/en\\\/legal-notice\\\/\",\"name\":\"mdt Medientechnik GmbH | Impressum\",\"isPartOf\":{\"@id\":\"https:\\\/\\\/mdt-medientechnik.de\\\/en\\\/#website\"},\"datePublished\":\"2018-12-06T13:38:13+00:00\",\"dateModified\":\"2025-12-10T10:59:21+00:00\",\"description\":\"mdt Medientechnik GmbH | Gewerbepark Im Paesch 5 | 54340 Longuich | Vertreten durch: Gesch\u00e4ftsf\u00fchrer J\u00fcrgen R\u00e4sch | Angaben gem\u00e4\u00df \u00a7 5 TMG\",\"breadcrumb\":{\"@id\":\"https:\\\/\\\/mdt-medientechnik.de\\\/en\\\/legal-notice\\\/#breadcrumb\"},\"inLanguage\":\"en-US\",\"potentialAction\":[{\"@type\":\"ReadAction\",\"target\":[\"https:\\\/\\\/mdt-medientechnik.de\\\/en\\\/legal-notice\\\/\"]}]},{\"@type\":\"BreadcrumbList\",\"@id\":\"https:\\\/\\\/mdt-medientechnik.de\\\/en\\\/legal-notice\\\/#breadcrumb\",\"itemListElement\":[{\"@type\":\"ListItem\",\"position\":1,\"name\":\"Startseite\",\"item\":\"https:\\\/\\\/mdt-medientechnik.de\\\/en\\\/\"},{\"@type\":\"ListItem\",\"position\":2,\"name\":\"Legal Notice\"}]},{\"@type\":\"WebSite\",\"@id\":\"https:\\\/\\\/mdt-medientechnik.de\\\/en\\\/#website\",\"url\":\"https:\\\/\\\/mdt-medientechnik.de\\\/en\\\/\",\"name\":\"MDT now part of Grassfish\",\"description\":\"Wir entwickeln Digital Signage Software L\u00f6sungen f\u00fcr die Bereiche POI, POS, Digitale Men\u00fcboards, Wegeleitsysteme uvm. Preisgekr\u00f6nt\u2714, Cloudbasiert\u2714, Sicher\u2714 &amp; Schnell\u2714.\",\"publisher\":{\"@id\":\"https:\\\/\\\/mdt-medientechnik.de\\\/en\\\/#organization\"},\"potentialAction\":[{\"@type\":\"SearchAction\",\"target\":{\"@type\":\"EntryPoint\",\"urlTemplate\":\"https:\\\/\\\/mdt-medientechnik.de\\\/en\\\/?s={search_term_string}\"},\"query-input\":{\"@type\":\"PropertyValueSpecification\",\"valueRequired\":true,\"valueName\":\"search_term_string\"}}],\"inLanguage\":\"en-US\"},{\"@type\":\"Organization\",\"@id\":\"https:\\\/\\\/mdt-medientechnik.de\\\/en\\\/#organization\",\"name\":\"mdt Medientechnik\",\"url\":\"https:\\\/\\\/mdt-medientechnik.de\\\/en\\\/\",\"logo\":{\"@type\":\"ImageObject\",\"inLanguage\":\"en-US\",\"@id\":\"https:\\\/\\\/mdt-medientechnik.de\\\/en\\\/#\\\/schema\\\/logo\\\/image\\\/\",\"url\":\"https:\\\/\\\/mdt-medientechnik.de\\\/wp-content\\\/uploads\\\/2019\\\/05\\\/mdtMedientechnik_digital-signage-software-logo.jpg\",\"contentUrl\":\"https:\\\/\\\/mdt-medientechnik.de\\\/wp-content\\\/uploads\\\/2019\\\/05\\\/mdtMedientechnik_digital-signage-software-logo.jpg\",\"width\":700,\"height\":470,\"caption\":\"mdt Medientechnik\"},\"image\":{\"@id\":\"https:\\\/\\\/mdt-medientechnik.de\\\/en\\\/#\\\/schema\\\/logo\\\/image\\\/\"},\"sameAs\":[\"https:\\\/\\\/www.facebook.com\\\/MdtMedientechnik\\\/\",\"https:\\\/\\\/de.linkedin.com\\\/company\\\/mdt-medientechnik-gmbh\",\"https:\\\/\\\/www.youtube.com\\\/MDTMedientechnikGmbHLonguich\"]}]}<\/script>\n<!-- \/ Yoast SEO plugin. -->","yoast_head_json":{"title":"mdt Medientechnik GmbH | Impressum","description":"mdt Medientechnik GmbH | Gewerbepark Im Paesch 5 | 54340 Longuich | Vertreten durch: Gesch\u00e4ftsf\u00fchrer J\u00fcrgen R\u00e4sch | Angaben gem\u00e4\u00df \u00a7 5 TMG","robots":{"index":"index","follow":"follow","max-snippet":"max-snippet:-1","max-image-preview":"max-image-preview:large","max-video-preview":"max-video-preview:-1"},"canonical":"https:\/\/mdt-medientechnik.de\/en\/legal-notice\/","og_locale":"en_US","og_type":"article","og_title":"mdt Medientechnik GmbH | Impressum","og_description":"mdt Medientechnik GmbH | Gewerbepark Im Paesch 5 | 54340 Longuich | Vertreten durch: Gesch\u00e4ftsf\u00fchrer J\u00fcrgen R\u00e4sch | Angaben gem\u00e4\u00df \u00a7 5 TMG","og_url":"https:\/\/mdt-medientechnik.de\/en\/legal-notice\/","og_site_name":"MDT now part of Grassfish","article_publisher":"https:\/\/www.facebook.com\/MdtMedientechnik\/","article_modified_time":"2025-12-10T10:59:21+00:00","twitter_card":"summary_large_image","twitter_misc":{"Est. reading time":"1 minute"},"schema":{"@context":"https:\/\/schema.org","@graph":[{"@type":"WebPage","@id":"https:\/\/mdt-medientechnik.de\/en\/legal-notice\/","url":"https:\/\/mdt-medientechnik.de\/en\/legal-notice\/","name":"mdt Medientechnik GmbH | Impressum","isPartOf":{"@id":"https:\/\/mdt-medientechnik.de\/en\/#website"},"datePublished":"2018-12-06T13:38:13+00:00","dateModified":"2025-12-10T10:59:21+00:00","description":"mdt Medientechnik GmbH | Gewerbepark Im Paesch 5 | 54340 Longuich | Vertreten durch: Gesch\u00e4ftsf\u00fchrer J\u00fcrgen R\u00e4sch | Angaben gem\u00e4\u00df \u00a7 5 TMG","breadcrumb":{"@id":"https:\/\/mdt-medientechnik.de\/en\/legal-notice\/#breadcrumb"},"inLanguage":"en-US","potentialAction":[{"@type":"ReadAction","target":["https:\/\/mdt-medientechnik.de\/en\/legal-notice\/"]}]},{"@type":"BreadcrumbList","@id":"https:\/\/mdt-medientechnik.de\/en\/legal-notice\/#breadcrumb","itemListElement":[{"@type":"ListItem","position":1,"name":"Startseite","item":"https:\/\/mdt-medientechnik.de\/en\/"},{"@type":"ListItem","position":2,"name":"Legal Notice"}]},{"@type":"WebSite","@id":"https:\/\/mdt-medientechnik.de\/en\/#website","url":"https:\/\/mdt-medientechnik.de\/en\/","name":"MDT now part of Grassfish","description":"Wir entwickeln Digital Signage Software L\u00f6sungen f\u00fcr die Bereiche POI, POS, Digitale Men\u00fcboards, Wegeleitsysteme uvm. Preisgekr\u00f6nt\u2714, Cloudbasiert\u2714, Sicher\u2714 &amp; Schnell\u2714.","publisher":{"@id":"https:\/\/mdt-medientechnik.de\/en\/#organization"},"potentialAction":[{"@type":"SearchAction","target":{"@type":"EntryPoint","urlTemplate":"https:\/\/mdt-medientechnik.de\/en\/?s={search_term_string}"},"query-input":{"@type":"PropertyValueSpecification","valueRequired":true,"valueName":"search_term_string"}}],"inLanguage":"en-US"},{"@type":"Organization","@id":"https:\/\/mdt-medientechnik.de\/en\/#organization","name":"mdt Medientechnik","url":"https:\/\/mdt-medientechnik.de\/en\/","logo":{"@type":"ImageObject","inLanguage":"en-US","@id":"https:\/\/mdt-medientechnik.de\/en\/#\/schema\/logo\/image\/","url":"https:\/\/mdt-medientechnik.de\/wp-content\/uploads\/2019\/05\/mdtMedientechnik_digital-signage-software-logo.jpg","contentUrl":"https:\/\/mdt-medientechnik.de\/wp-content\/uploads\/2019\/05\/mdtMedientechnik_digital-signage-software-logo.jpg","width":700,"height":470,"caption":"mdt Medientechnik"},"image":{"@id":"https:\/\/mdt-medientechnik.de\/en\/#\/schema\/logo\/image\/"},"sameAs":["https:\/\/www.facebook.com\/MdtMedientechnik\/","https:\/\/de.linkedin.com\/company\/mdt-medientechnik-gmbh","https:\/\/www.youtube.com\/MDTMedientechnikGmbHLonguich"]}]}},"_links":{"self":[{"href":"https:\/\/mdt-medientechnik.de\/en\/wp-json\/wp\/v2\/pages\/3121","targetHints":{"allow":["GET"]}}],"collection":[{"href":"https:\/\/mdt-medientechnik.de\/en\/wp-json\/wp\/v2\/pages"}],"about":[{"href":"https:\/\/mdt-medientechnik.de\/en\/wp-json\/wp\/v2\/types\/page"}],"author":[{"embeddable":true,"href":"https:\/\/mdt-medientechnik.de\/en\/wp-json\/wp\/v2\/users\/1"}],"replies":[{"embeddable":true,"href":"https:\/\/mdt-medientechnik.de\/en\/wp-json\/wp\/v2\/comments?post=3121"}],"version-history":[{"count":6,"href":"https:\/\/mdt-medientechnik.de\/en\/wp-json\/wp\/v2\/pages\/3121\/revisions"}],"predecessor-version":[{"id":3708,"href":"https:\/\/mdt-medientechnik.de\/en\/wp-json\/wp\/v2\/pages\/3121\/revisions\/3708"}],"wp:attachment":[{"href":"https:\/\/mdt-medientechnik.de\/en\/wp-json\/wp\/v2\/media?parent=3121"}],"curies":[{"name":"wp","href":"https:\/\/api.w.org\/{rel}","templated":true}]}}